{"id":4314,"date":"2023-07-19T23:02:23","date_gmt":"2023-07-19T23:02:23","guid":{"rendered":"http:\/\/whynotblue.com\/get-quote\/"},"modified":"2023-10-03T18:39:54","modified_gmt":"2023-10-03T18:39:54","slug":"demander-soumission","status":"publish","type":"page","link":"https:\/\/whynotblue.com\/fr\/demander-soumission\/","title":{"rendered":"Demander soumission"},"content":{"rendered":"\t\t<div data-elementor-type=\"wp-page\" data-elementor-id=\"4314\" class=\"elementor elementor-4314 elementor-4288\" data-elementor-post-type=\"page\">\n\t\t\t\t\t\t<section class=\"elementor-section elementor-top-section elementor-element elementor-element-88e2935 elementor-section-full_width elementor-section-height-default elementor-section-height-default\" data-id=\"88e2935\" data-element_type=\"section\" data-e-type=\"section\" data-settings=\"{&quot;background_background&quot;:&quot;classic&quot;}\">\n\t\t\t\t\t\t<div class=\"elementor-container elementor-column-gap-default\">\n\t\t\t\t\t<div class=\"elementor-column elementor-col-100 elementor-top-column elementor-element elementor-element-da35ec4\" data-id=\"da35ec4\" data-element_type=\"column\" data-e-type=\"column\">\n\t\t\t<div class=\"elementor-widget-wrap elementor-element-populated\">\n\t\t\t\t\t\t<section class=\"elementor-section elementor-inner-section elementor-element elementor-element-6439825 elementor-section-boxed elementor-section-height-default elementor-section-height-default\" data-id=\"6439825\" data-element_type=\"section\" data-e-type=\"section\">\n\t\t\t\t\t\t<div class=\"elementor-container elementor-column-gap-default\">\n\t\t\t\t\t<div class=\"elementor-column elementor-col-100 elementor-inner-column elementor-element elementor-element-f9713dc box-form\" data-id=\"f9713dc\" data-element_type=\"column\" data-e-type=\"column\" data-settings=\"{&quot;background_background&quot;:&quot;classic&quot;}\">\n\t\t\t<div class=\"elementor-widget-wrap elementor-element-populated\">\n\t\t\t\t\t\t<div class=\"elementor-element elementor-element-919b1b0 elementor-widget elementor-widget-image\" data-id=\"919b1b0\" data-element_type=\"widget\" data-e-type=\"widget\" data-widget_type=\"image.default\">\n\t\t\t\t<div class=\"elementor-widget-container\">\n\t\t\t\t\t\t\t\t\t\t\t\t\t\t\t<img decoding=\"async\" width=\"180\" height=\"162\" src=\"https:\/\/whynotblue.com\/wp-content\/uploads\/2023\/10\/logo.png\" class=\"attachment-large size-large wp-image-5290\" alt=\"\" \/>\t\t\t\t\t\t\t\t\t\t\t\t\t\t\t<\/div>\n\t\t\t\t<\/div>\n\t\t\t\t<div class=\"elementor-element elementor-element-6c9915d elementor-widget elementor-widget-heading\" data-id=\"6c9915d\" data-element_type=\"widget\" data-e-type=\"widget\" data-widget_type=\"heading.default\">\n\t\t\t\t<div class=\"elementor-widget-container\">\n\t\t\t\t\t<h2 class=\"elementor-heading-title elementor-size-default\">Demande de devis personnalis\u00e9 pour <br>\n<b>nos forfaits exclusifs<\/b><\/h2>\t\t\t\t<\/div>\n\t\t\t\t<\/div>\n\t\t\t\t<div class=\"elementor-element elementor-element-1d0e370 elementor-widget elementor-widget-text-editor\" data-id=\"1d0e370\" data-element_type=\"widget\" data-e-type=\"widget\" data-widget_type=\"text-editor.default\">\n\t\t\t\t<div class=\"elementor-widget-container\">\n\t\t\t\t\t\t\t\t\t<p>Nous vous remercions de votre int\u00e9r\u00eat et il nous fera plaisir de vous faire parvenir une estimation qui r\u00e9pondra \u00e0 vos besoins. Merci pour votre demande, un membre de notre \u00e9quipe entrera avec vous bient\u00f4t.<\/p>\t\t\t\t\t\t\t\t<\/div>\n\t\t\t\t<\/div>\n\t\t\t\t<div class=\"elementor-element elementor-element-abade1c elementor-widget__width-initial ekit_wpForms_container-form-button-custom elementor-widget elementor-widget-elementskit-wp-forms\" data-id=\"abade1c\" data-element_type=\"widget\" data-e-type=\"widget\" data-widget_type=\"elementskit-wp-forms.default\">\n\t\t\t\t<div class=\"elementor-widget-container\">\n\t\t\t\t\t<div class=\"ekit-wid-con ekit_wpForms_container\"><style id=\"wpforms-css-vars-4310\">\n\t\t\t\t#wpforms-4310 {\n\t\t\t\t\n\t\t\t}\n\t\t\t<\/style><div class=\"wpforms-container wpforms-container-full wpforms-render-modern\" id=\"wpforms-4310\"><form id=\"wpforms-form-4310\" class=\"wpforms-validate wpforms-form wpforms-ajax-form\" data-formid=\"4310\" method=\"post\" enctype=\"multipart\/form-data\" action=\"\/fr\/wp-json\/wp\/v2\/pages\/4314\" data-token=\"5e6b87ab622dc82f3c304492cc6bdc3f\" data-token-time=\"1776036903\"><noscript class=\"wpforms-error-noscript\">Veuillez activer JavaScript dans votre navigateur pour remplir ce formulaire.<\/noscript><div id=\"wpforms-error-noscript\" style=\"display: none;\">Veuillez activer JavaScript dans votre navigateur pour remplir ce formulaire.<\/div><div class=\"wpforms-field-container\"><div id=\"wpforms-4310-field_1-container\" class=\"wpforms-field wpforms-field-text field-form\" data-field-id=\"1\"><label class=\"wpforms-field-label\" for=\"wpforms-4310-field_1\">Nom <span class=\"wpforms-required-label\" aria-hidden=\"true\">*<\/span><\/label><input type=\"text\" id=\"wpforms-4310-field_1\" class=\"wpforms-field-medium wpforms-field-required\" name=\"wpforms[fields][1]\" aria-errormessage=\"wpforms-4310-field_1-error\" required><\/div><div id=\"wpforms-4310-field_2-container\" class=\"wpforms-field wpforms-field-text field-form\" data-field-id=\"2\"><label class=\"wpforms-field-label\" for=\"wpforms-4310-field_2\">Pr\u00e9nom <span class=\"wpforms-required-label\" aria-hidden=\"true\">*<\/span><\/label><input type=\"text\" id=\"wpforms-4310-field_2\" class=\"wpforms-field-medium wpforms-field-required\" name=\"wpforms[fields][2]\" aria-errormessage=\"wpforms-4310-field_2-error\" required><\/div><div id=\"wpforms-4310-field_3-container\" class=\"wpforms-field wpforms-field-email field-form\" data-field-id=\"3\"><label class=\"wpforms-field-label\" for=\"wpforms-4310-field_3\">Email <span class=\"wpforms-required-label\" aria-hidden=\"true\">*<\/span><\/label><input type=\"email\" id=\"wpforms-4310-field_3\" class=\"wpforms-field-medium wpforms-field-required\" name=\"wpforms[fields][3]\" spellcheck=\"false\" aria-errormessage=\"wpforms-4310-field_3-error\" required><\/div><div id=\"wpforms-4310-field_6-container\" class=\"wpforms-field wpforms-field-select field-form wpforms-field-select-style-classic\" data-field-id=\"6\"><label class=\"wpforms-field-label\" for=\"wpforms-4310-field_6\">Le produit qui m&#039;int\u00e9resse <span class=\"wpforms-required-label\" aria-hidden=\"true\">*<\/span><\/label><select id=\"wpforms-4310-field_6\" class=\"wpforms-field-medium wpforms-field-required\" name=\"wpforms[fields][6]\" required=\"required\"><option value=\"Forfait Web\"  class=\"choice-1 depth-1\"  >Forfait Web<\/option><option value=\"Forfait Google\"  class=\"choice-2 depth-1\"  >Forfait Google<\/option><option value=\"E-commerce et Live Shopping\"  class=\"choice-3 depth-1\"  >E-commerce et Live Shopping<\/option><option value=\"Infolettre et blog\"  class=\"choice-4 depth-1\"  >Infolettre et blog<\/option><option value=\"M\u00e9dias sociaux\"  class=\"choice-5 depth-1\"  >M\u00e9dias sociaux<\/option><\/select><\/div><div id=\"wpforms-4310-field_8-container\" class=\"wpforms-field wpforms-field-text field-form\" data-field-id=\"8\"><label class=\"wpforms-field-label\" for=\"wpforms-4310-field_8\">Nom de votre entreprise<\/label><input type=\"text\" id=\"wpforms-4310-field_8\" class=\"wpforms-field-medium\" name=\"wpforms[fields][8]\" aria-errormessage=\"wpforms-4310-field_8-error\" ><\/div><div id=\"wpforms-4310-field_9-container\" class=\"wpforms-field wpforms-field-textarea field-form\" data-field-id=\"9\"><label class=\"wpforms-field-label\" for=\"wpforms-4310-field_9\">Commentaires\/exigences additionnelles<\/label><textarea id=\"wpforms-4310-field_9\" class=\"wpforms-field-medium\" name=\"wpforms[fields][9]\" aria-errormessage=\"wpforms-4310-field_9-error\" aria-describedby=\"wpforms-4310-field_9-description\" ><\/textarea><div id=\"wpforms-4310-field_9-description\" class=\"wpforms-field-description\">Si vous avez des exigences sp\u00e9cifiques ou des commentaires suppl\u00e9mentaires, veuillez les indiquer ici<\/div><\/div><\/div><!-- .wpforms-field-container --><div class=\"wpforms-recaptcha-container wpforms-is-recaptcha wpforms-is-recaptcha-type-v2\" ><div class=\"g-recaptcha\" data-sitekey=\"6LcJKU4nAAAAAGq9nBwG3R6Gkz7IwP0B4QEAeWgK\"><\/div><input type=\"text\" name=\"g-recaptcha-hidden\" class=\"wpforms-recaptcha-hidden\" style=\"position:absolute!important;clip:rect(0,0,0,0)!important;height:1px!important;width:1px!important;border:0!important;overflow:hidden!important;padding:0!important;margin:0!important;\" data-rule-recaptcha=\"1\"><\/div><div class=\"wpforms-submit-container\" ><input type=\"hidden\" name=\"wpforms[id]\" value=\"4310\"><input type=\"hidden\" name=\"page_title\" value=\"\"><input type=\"hidden\" name=\"page_url\" value=\"https:\/\/whynotblue.com\/fr\/wp-json\/wp\/v2\/pages\/4314\"><input type=\"hidden\" name=\"url_referer\" value=\"\"><button type=\"submit\" name=\"wpforms[submit]\" id=\"wpforms-submit-4310\" class=\"wpforms-submit\" data-alt-text=\"Envoyer...\" data-submit-text=\"Soumettre\" aria-live=\"assertive\" value=\"wpforms-submit\">Soumettre<\/button><img decoding=\"async\" src=\"https:\/\/whynotblue.com\/wp-content\/plugins\/wpforms-lite\/assets\/images\/submit-spin.svg\" class=\"wpforms-submit-spinner\" style=\"display: none;\" width=\"26\" height=\"26\" alt=\"Chargement en cours\"><\/div><\/form><\/div>  <!-- .wpforms-container --><\/div>\t\t\t\t<\/div>\n\t\t\t\t<\/div>\n\t\t\t\t\t<\/div>\n\t\t<\/div>\n\t\t\t\t\t<\/div>\n\t\t<\/section>\n\t\t\t\t\t<\/div>\n\t\t<\/div>\n\t\t\t\t\t<\/div>\n\t\t<\/section>\n\t\t\t\t<\/div>\n\t\t","protected":false},"excerpt":{"rendered":"<p>Demande de devis personnalis\u00e9 pour nos forfaits exclusifs Nous vous remercions de votre int\u00e9r\u00eat et il nous fera plaisir de vous faire parvenir une estimation qui r\u00e9pondra \u00e0 vos besoins. Merci pour votre demande, un membre de notre \u00e9quipe entrera avec vous bient\u00f4t. Please enable JavaScript in your browser to complete this form.Please enable JavaScript [&hellip;]<\/p>\n","protected":false},"author":1,"featured_media":0,"parent":0,"menu_order":0,"comment_status":"closed","ping_status":"closed","template":"","meta":{"footnotes":""},"class_list":["post-4314","page","type-page","status-publish","hentry"],"yoast_head":"<!-- This site is optimized with the Yoast SEO Premium plugin v20.5 (Yoast SEO v27.3) - https:\/\/yoast.com\/product\/yoast-seo-premium-wordpress\/ -->\n<title>whynotblue<\/title>\n<meta name=\"robots\" content=\"index, follow, max-snippet:-1, max-image-preview:large, max-video-preview:-1\" \/>\n<link rel=\"canonical\" href=\"https:\/\/whynotblue.com\/fr\/demander-soumission\/\" \/>\n<meta property=\"og:locale\" content=\"fr_FR\" \/>\n<meta property=\"og:type\" content=\"article\" \/>\n<meta property=\"og:title\" content=\"Demander soumission\" \/>\n<meta property=\"og:description\" content=\"Demande de devis personnalis\u00e9 pour nos forfaits exclusifs Nous vous remercions de votre int\u00e9r\u00eat et il nous fera plaisir de vous faire parvenir une estimation qui r\u00e9pondra \u00e0 vos besoins. Merci pour votre demande, un membre de notre \u00e9quipe entrera avec vous bient\u00f4t. Please enable JavaScript in your browser to complete this form.Please enable JavaScript [&hellip;]\" \/>\n<meta property=\"og:url\" content=\"https:\/\/whynotblue.com\/fr\/demander-soumission\/\" \/>\n<meta property=\"og:site_name\" content=\"whynotblue\" \/>\n<meta property=\"article:publisher\" content=\"https:\/\/www.facebook.com\/whynotblue\" \/>\n<meta property=\"article:modified_time\" content=\"2023-10-03T18:39:54+00:00\" \/>\n<meta property=\"og:image\" content=\"http:\/\/whynotblue.com\/wp-content\/uploads\/2023\/10\/logo.png\" \/>\n<meta name=\"twitter:card\" content=\"summary_large_image\" \/>\n<meta name=\"twitter:site\" content=\"@whynotblue\" \/>\n<meta name=\"twitter:label1\" content=\"Dur\u00e9e de lecture estim\u00e9e\" \/>\n\t<meta name=\"twitter:data1\" content=\"1 minute\" \/>\n<script type=\"application\/ld+json\" class=\"yoast-schema-graph\">{\"@context\":\"https:\\\/\\\/schema.org\",\"@graph\":[{\"@type\":\"WebPage\",\"@id\":\"https:\\\/\\\/whynotblue.com\\\/fr\\\/demander-soumission\\\/\",\"url\":\"https:\\\/\\\/whynotblue.com\\\/fr\\\/demander-soumission\\\/\",\"name\":\"whynotblue\",\"isPartOf\":{\"@id\":\"https:\\\/\\\/whynotblue.com\\\/fr\\\/#website\"},\"primaryImageOfPage\":{\"@id\":\"https:\\\/\\\/whynotblue.com\\\/fr\\\/demander-soumission\\\/#primaryimage\"},\"image\":{\"@id\":\"https:\\\/\\\/whynotblue.com\\\/fr\\\/demander-soumission\\\/#primaryimage\"},\"thumbnailUrl\":\"http:\\\/\\\/whynotblue.com\\\/wp-content\\\/uploads\\\/2023\\\/10\\\/logo.png\",\"datePublished\":\"2023-07-19T23:02:23+00:00\",\"dateModified\":\"2023-10-03T18:39:54+00:00\",\"breadcrumb\":{\"@id\":\"https:\\\/\\\/whynotblue.com\\\/fr\\\/demander-soumission\\\/#breadcrumb\"},\"inLanguage\":\"fr-FR\",\"potentialAction\":[{\"@type\":\"ReadAction\",\"target\":[\"https:\\\/\\\/whynotblue.com\\\/fr\\\/demander-soumission\\\/\"]}]},{\"@type\":\"ImageObject\",\"inLanguage\":\"fr-FR\",\"@id\":\"https:\\\/\\\/whynotblue.com\\\/fr\\\/demander-soumission\\\/#primaryimage\",\"url\":\"http:\\\/\\\/whynotblue.com\\\/wp-content\\\/uploads\\\/2023\\\/10\\\/logo.png\",\"contentUrl\":\"http:\\\/\\\/whynotblue.com\\\/wp-content\\\/uploads\\\/2023\\\/10\\\/logo.png\"},{\"@type\":\"BreadcrumbList\",\"@id\":\"https:\\\/\\\/whynotblue.com\\\/fr\\\/demander-soumission\\\/#breadcrumb\",\"itemListElement\":[{\"@type\":\"ListItem\",\"position\":1,\"name\":\"Home\",\"item\":\"https:\\\/\\\/whynotblue.com\\\/fr\\\/\"},{\"@type\":\"ListItem\",\"position\":2,\"name\":\"Demander soumission\"}]},{\"@type\":\"WebSite\",\"@id\":\"https:\\\/\\\/whynotblue.com\\\/fr\\\/#website\",\"url\":\"https:\\\/\\\/whynotblue.com\\\/fr\\\/\",\"name\":\"whynotblue\",\"description\":\"Web Development Agency | Marketing | SEO\",\"publisher\":{\"@id\":\"https:\\\/\\\/whynotblue.com\\\/fr\\\/#organization\"},\"potentialAction\":[{\"@type\":\"SearchAction\",\"target\":{\"@type\":\"EntryPoint\",\"urlTemplate\":\"https:\\\/\\\/whynotblue.com\\\/fr\\\/?s={search_term_string}\"},\"query-input\":{\"@type\":\"PropertyValueSpecification\",\"valueRequired\":true,\"valueName\":\"search_term_string\"}}],\"inLanguage\":\"fr-FR\"},{\"@type\":\"Organization\",\"@id\":\"https:\\\/\\\/whynotblue.com\\\/fr\\\/#organization\",\"name\":\"Whynotblue\",\"url\":\"https:\\\/\\\/whynotblue.com\\\/fr\\\/\",\"logo\":{\"@type\":\"ImageObject\",\"inLanguage\":\"fr-FR\",\"@id\":\"https:\\\/\\\/whynotblue.com\\\/fr\\\/#\\\/schema\\\/logo\\\/image\\\/\",\"url\":\"http:\\\/\\\/whynotblue.com\\\/wp-content\\\/uploads\\\/2023\\\/06\\\/logo.png\",\"contentUrl\":\"http:\\\/\\\/whynotblue.com\\\/wp-content\\\/uploads\\\/2023\\\/06\\\/logo.png\",\"width\":180,\"height\":162,\"caption\":\"Whynotblue\"},\"image\":{\"@id\":\"https:\\\/\\\/whynotblue.com\\\/fr\\\/#\\\/schema\\\/logo\\\/image\\\/\"},\"sameAs\":[\"https:\\\/\\\/www.facebook.com\\\/whynotblue\",\"https:\\\/\\\/x.com\\\/whynotblue\"]}]}<\/script>\n<!-- \/ Yoast SEO Premium plugin. -->","yoast_head_json":{"title":"whynotblue","robots":{"index":"index","follow":"follow","max-snippet":"max-snippet:-1","max-image-preview":"max-image-preview:large","max-video-preview":"max-video-preview:-1"},"canonical":"https:\/\/whynotblue.com\/fr\/demander-soumission\/","og_locale":"fr_FR","og_type":"article","og_title":"Demander soumission","og_description":"Demande de devis personnalis\u00e9 pour nos forfaits exclusifs Nous vous remercions de votre int\u00e9r\u00eat et il nous fera plaisir de vous faire parvenir une estimation qui r\u00e9pondra \u00e0 vos besoins. Merci pour votre demande, un membre de notre \u00e9quipe entrera avec vous bient\u00f4t. Please enable JavaScript in your browser to complete this form.Please enable JavaScript [&hellip;]","og_url":"https:\/\/whynotblue.com\/fr\/demander-soumission\/","og_site_name":"whynotblue","article_publisher":"https:\/\/www.facebook.com\/whynotblue","article_modified_time":"2023-10-03T18:39:54+00:00","og_image":[{"url":"http:\/\/whynotblue.com\/wp-content\/uploads\/2023\/10\/logo.png","type":"","width":"","height":""}],"twitter_card":"summary_large_image","twitter_site":"@whynotblue","twitter_misc":{"Dur\u00e9e de lecture estim\u00e9e":"1 minute"},"schema":{"@context":"https:\/\/schema.org","@graph":[{"@type":"WebPage","@id":"https:\/\/whynotblue.com\/fr\/demander-soumission\/","url":"https:\/\/whynotblue.com\/fr\/demander-soumission\/","name":"whynotblue","isPartOf":{"@id":"https:\/\/whynotblue.com\/fr\/#website"},"primaryImageOfPage":{"@id":"https:\/\/whynotblue.com\/fr\/demander-soumission\/#primaryimage"},"image":{"@id":"https:\/\/whynotblue.com\/fr\/demander-soumission\/#primaryimage"},"thumbnailUrl":"http:\/\/whynotblue.com\/wp-content\/uploads\/2023\/10\/logo.png","datePublished":"2023-07-19T23:02:23+00:00","dateModified":"2023-10-03T18:39:54+00:00","breadcrumb":{"@id":"https:\/\/whynotblue.com\/fr\/demander-soumission\/#breadcrumb"},"inLanguage":"fr-FR","potentialAction":[{"@type":"ReadAction","target":["https:\/\/whynotblue.com\/fr\/demander-soumission\/"]}]},{"@type":"ImageObject","inLanguage":"fr-FR","@id":"https:\/\/whynotblue.com\/fr\/demander-soumission\/#primaryimage","url":"http:\/\/whynotblue.com\/wp-content\/uploads\/2023\/10\/logo.png","contentUrl":"http:\/\/whynotblue.com\/wp-content\/uploads\/2023\/10\/logo.png"},{"@type":"BreadcrumbList","@id":"https:\/\/whynotblue.com\/fr\/demander-soumission\/#breadcrumb","itemListElement":[{"@type":"ListItem","position":1,"name":"Home","item":"https:\/\/whynotblue.com\/fr\/"},{"@type":"ListItem","position":2,"name":"Demander soumission"}]},{"@type":"WebSite","@id":"https:\/\/whynotblue.com\/fr\/#website","url":"https:\/\/whynotblue.com\/fr\/","name":"whynotblue","description":"Web Development Agency | Marketing | SEO","publisher":{"@id":"https:\/\/whynotblue.com\/fr\/#organization"},"potentialAction":[{"@type":"SearchAction","target":{"@type":"EntryPoint","urlTemplate":"https:\/\/whynotblue.com\/fr\/?s={search_term_string}"},"query-input":{"@type":"PropertyValueSpecification","valueRequired":true,"valueName":"search_term_string"}}],"inLanguage":"fr-FR"},{"@type":"Organization","@id":"https:\/\/whynotblue.com\/fr\/#organization","name":"Whynotblue","url":"https:\/\/whynotblue.com\/fr\/","logo":{"@type":"ImageObject","inLanguage":"fr-FR","@id":"https:\/\/whynotblue.com\/fr\/#\/schema\/logo\/image\/","url":"http:\/\/whynotblue.com\/wp-content\/uploads\/2023\/06\/logo.png","contentUrl":"http:\/\/whynotblue.com\/wp-content\/uploads\/2023\/06\/logo.png","width":180,"height":162,"caption":"Whynotblue"},"image":{"@id":"https:\/\/whynotblue.com\/fr\/#\/schema\/logo\/image\/"},"sameAs":["https:\/\/www.facebook.com\/whynotblue","https:\/\/x.com\/whynotblue"]}]}},"_links":{"self":[{"href":"https:\/\/whynotblue.com\/fr\/wp-json\/wp\/v2\/pages\/4314","targetHints":{"allow":["GET"]}}],"collection":[{"href":"https:\/\/whynotblue.com\/fr\/wp-json\/wp\/v2\/pages"}],"about":[{"href":"https:\/\/whynotblue.com\/fr\/wp-json\/wp\/v2\/types\/page"}],"author":[{"embeddable":true,"href":"https:\/\/whynotblue.com\/fr\/wp-json\/wp\/v2\/users\/1"}],"replies":[{"embeddable":true,"href":"https:\/\/whynotblue.com\/fr\/wp-json\/wp\/v2\/comments?post=4314"}],"version-history":[{"count":27,"href":"https:\/\/whynotblue.com\/fr\/wp-json\/wp\/v2\/pages\/4314\/revisions"}],"predecessor-version":[{"id":5355,"href":"https:\/\/whynotblue.com\/fr\/wp-json\/wp\/v2\/pages\/4314\/revisions\/5355"}],"wp:attachment":[{"href":"https:\/\/whynotblue.com\/fr\/wp-json\/wp\/v2\/media?parent=4314"}],"curies":[{"name":"wp","href":"https:\/\/api.w.org\/{rel}","templated":true}]}}